{"id":40,"date":"2018-08-20T14:38:45","date_gmt":"2018-08-20T12:38:45","guid":{"rendered":"http:\/\/151.80.74.124\/sivos-garlin\/?page_id=40"},"modified":"2019-01-14T10:38:06","modified_gmt":"2019-01-14T09:38:06","slug":"le-budget","status":"publish","type":"page","link":"https:\/\/www.sivosgarlin.fr\/index.php\/le-syndicat\/le-budget\/","title":{"rendered":"Le budget"},"content":{"rendered":"<p>[vc_row][vc_column]<h2 style=\"color:;\" class=\" title left\">Qu\u2019est qu\u2019un budget ?<\/h2><div class=\"nicdark_divider  left small \"><span style=\"background-color:#edbf47;\" class=\"nicdark_radius\"><\/span><\/div>[vc_empty_space height=\u00a0\u00bb15px\u00a0\u00bb][\/vc_column][\/vc_row][vc_row][vc_column][vc_column_text]<strong>Le budget est l\u2019acte par lequel sont pr\u00e9vues et autoris\u00e9es les recettes et les d\u00e9penses de la collectivit\u00e9 pour une ann\u00e9e civile.<\/strong><\/p>\n<p>L\u2019estimation des recettes et des d\u00e9penses doit \u00eatre correcte, sinc\u00e8re et v\u00e9ritable pour d\u00e9terminer, au plus juste, le montant de la contribution des communes adh\u00e9rentes.<\/p>\n<p>Le budget devient ex\u00e9cutoire lorsqu\u2019il a \u00e9t\u00e9 :<\/p>\n<ul>\n<li>vot\u00e9,<\/li>\n<li>transmis en pr\u00e9fecture, ou sous-pr\u00e9fecture suivant le cas<\/li>\n<li>affich\u00e9 aux lieux habituels qui doivent \u00eatre obligatoirement ext\u00e9rieurs. L\u2019affichage doit en effet \u00eatre toujours accessible. Un extrait ou un avis de mise \u00e0 disposition suffit.<\/li>\n<\/ul>\n<p>[\/vc_column_text][\/vc_column][\/vc_row][vc_row][vc_column][vc_empty_space height=\u00a0\u00bb15px\u00a0\u00bb]<h2 style=\"color:;\" class=\" title left\">Fonctionnement et investissement<\/h2><div class=\"nicdark_divider  left small \"><span style=\"background-color:#edbf47;\" class=\"nicdark_radius\"><\/span><\/div>[\/vc_column][\/vc_row][vc_row][vc_column][vc_column_text]<\/p>\n<h3>Fonctionnement<\/h3>\n<p>La section de fonctionnement (F) regroupe l\u2019ensemble des d\u00e9penses courantes et ordinaires qui doivent \u00eatre couvertes par des recettes r\u00e9guli\u00e8res et permanentes.<\/p>\n<ul>\n<li><strong>D\u00e9penses :\u00a0<\/strong>personnel, alimentation, assurances, consommation d\u2019eau, produits d\u2019entretien, int\u00e9r\u00eats des emprunts, entretien du patrimoine, indemnit\u00e9 de fonction\u2026<\/li>\n<li><strong>Recettes<\/strong> : contributions des communes adh\u00e9rentes, location de b\u00e2timents, produits des services, \u2026..<\/li>\n<\/ul>\n<h3>Investissement<\/h3>\n<p>La section d\u2019investissement (I) regroupe les op\u00e9rations exceptionnelles qui contribuent \u00e0 accro\u00eetre ou \u00e0 diminuer la valeur du patrimoine de la collectivit\u00e9.<\/p>\n<ul>\n<li><strong>D\u00e9penses<\/strong> : remboursement du capital des emprunts, construction d\u2019un nouveau b\u00e2timent, achat d\u2019un photocopieur, gros travaux de voirie, achat d\u2019un terrain, r\u00e9alisation d\u2019un terrain de sport\u2026<\/li>\n<li><strong>Recettes\u00a0<\/strong>: vente d\u2019un terrain, r\u00e9alisation d\u2019un emprunt, subvention de l\u2019Etat pour la nouvelle \u00e9cole, r\u00e9cup\u00e9ration de la TVA\u2026<\/li>\n<\/ul>\n<p>[\/vc_column_text][\/vc_column][\/vc_row][vc_row css=\u00a0\u00bb.vc_custom_1547458682748{margin-bottom: 30px !important;}\u00a0\u00bb][vc_column][vc_empty_space height=\u00a0\u00bb15px\u00a0\u00bb]<h2 style=\"color:;\" class=\" title left\">Budget<\/h2><div class=\"nicdark_divider  left small \"><span style=\"background-color:#edbf47;\" class=\"nicdark_radius\"><\/span><\/div>[vc_btn title=\u00a0\u00bbT\u00e9l\u00e9charger le budget 2017&Prime; style=\u00a0\u00bbclassic\u00a0\u00bb size=\u00a0\u00bbsm\u00a0\u00bb i_icon_fontawesome=\u00a0\u00bbfa fa-file-pdf-o\u00a0\u00bb link=\u00a0\u00bburl:https%3A%2F%2Fwww.sivosgarlin.fr%2Fwp-content%2Fuploads%2F2018%2F08%2Fbp-2017.pdf||target:%20_blank\u00a0\u00bb add_icon=\u00a0\u00bbtrue\u00a0\u00bb][vc_btn title=\u00a0\u00bbT\u00e9l\u00e9charger le budget 2018&Prime; style=\u00a0\u00bbclassic\u00a0\u00bb size=\u00a0\u00bbsm\u00a0\u00bb i_icon_fontawesome=\u00a0\u00bbfa fa-file-pdf-o\u00a0\u00bb link=\u00a0\u00bburl:https%3A%2F%2Fwww.sivosgarlin.fr%2Fwp-content%2Fuploads%2F2018%2F08%2Fbp-2018.pdf||target:%20_blank\u00a0\u00bb add_icon=\u00a0\u00bbtrue\u00a0\u00bb][\/vc_column][\/vc_row]<\/p>\n","protected":false},"excerpt":{"rendered":"<p>[vc_row][vc_column][vc_empty_space height=\u00a0\u00bb15px\u00a0\u00bb][\/vc_column][\/vc_row][vc_row][vc_column][vc_column_text]Le budget est l\u2019acte par lequel sont pr\u00e9vues et autoris\u00e9es les recettes et les d\u00e9penses de la collectivit\u00e9 pour une ann\u00e9e civile. L\u2019estimation des recettes et des d\u00e9penses doit \u00eatre correcte, sinc\u00e8re et v\u00e9ritable pour d\u00e9terminer, au plus juste, le montant de la contribution des communes adh\u00e9rentes. Le budget devient ex\u00e9cutoire lorsqu\u2019il a \u00e9t\u00e9 &#8230;<\/p>\n","protected":false},"author":1,"featured_media":0,"parent":14,"menu_order":4,"comment_status":"closed","ping_status":"closed","template":"","meta":{"footnotes":""},"class_list":["post-40","page","type-page","status-publish","hentry"],"post_mailing_queue_ids":[],"_links":{"self":[{"href":"https:\/\/www.sivosgarlin.fr\/index.php\/wp-json\/wp\/v2\/pages\/40","targetHints":{"allow":["GET"]}}],"collection":[{"href":"https:\/\/www.sivosgarlin.fr\/index.php\/wp-json\/wp\/v2\/pages"}],"about":[{"href":"https:\/\/www.sivosgarlin.fr\/index.php\/wp-json\/wp\/v2\/types\/page"}],"author":[{"embeddable":true,"href":"https:\/\/www.sivosgarlin.fr\/index.php\/wp-json\/wp\/v2\/users\/1"}],"replies":[{"embeddable":true,"href":"https:\/\/www.sivosgarlin.fr\/index.php\/wp-json\/wp\/v2\/comments?post=40"}],"version-history":[{"count":5,"href":"https:\/\/www.sivosgarlin.fr\/index.php\/wp-json\/wp\/v2\/pages\/40\/revisions"}],"predecessor-version":[{"id":3408,"href":"https:\/\/www.sivosgarlin.fr\/index.php\/wp-json\/wp\/v2\/pages\/40\/revisions\/3408"}],"up":[{"embeddable":true,"href":"https:\/\/www.sivosgarlin.fr\/index.php\/wp-json\/wp\/v2\/pages\/14"}],"wp:attachment":[{"href":"https:\/\/www.sivosgarlin.fr\/index.php\/wp-json\/wp\/v2\/media?parent=40"}],"curies":[{"name":"wp","href":"https:\/\/api.w.org\/{rel}","templated":true}]}}