{"id":3155,"date":"2018-12-20T14:24:13","date_gmt":"2018-12-20T13:24:13","guid":{"rendered":"https:\/\/www.sivosgarlin.fr\/?page_id=3155"},"modified":"2024-12-18T14:43:10","modified_gmt":"2024-12-18T13:43:10","slug":"sabonner-a-la-newsletter","status":"publish","type":"page","link":"https:\/\/www.sivosgarlin.fr\/index.php\/accueil\/sabonner-a-la-newsletter\/","title":{"rendered":"S&rsquo;abonner \u00e0 la newsletter"},"content":{"rendered":"<p>[vc_row css=\u00a0\u00bb.vc_custom_1547117194385{margin-top: 30px !important;}\u00a0\u00bb][vc_column][vc_column_text]<\/p>\n<p style=\"text-align: center;\">Pour recevoir nos actualit\u00e9s, veuillez renseignez votre nom, votre adresse mail et s\u00e9lectionnez les actualit\u00e9s que vous souhaitez recevoir par mail.<\/p>\n<p>[\/vc_column_text][vc_column_text]<div class=\"emaillist\" id=\"es_form_f1-n1\"><form action=\"\/index.php\/wp-json\/wp\/v2\/pages\/3155#es_form_f1-n1\" method=\"post\" class=\"es_subscription_form es_shortcode_form  es_ajax_subscription_form\" id=\"es_subscription_form_69f42145edd77\" data-source=\"ig-es\" data-form-id=\"1\"><input type=\"hidden\" name=\"esfpx_form_id\" value=\"1\" \/><input type=\"hidden\" name=\"esfpx_lists[]\" value=\"10f5312e0d8d\" \/><input type=\"hidden\" name=\"es\" value=\"subscribe\" \/>\n\t\t\t<input type=\"hidden\" name=\"esfpx_es_form_identifier\" value=\"f1-n1\" \/>\n\t\t\t<input type=\"hidden\" name=\"esfpx_es_email_page\" value=\"3155\" \/>\n\t\t\t<input type=\"hidden\" name=\"esfpx_es_email_page_url\" value=\"https:\/\/www.sivosgarlin.fr\/index.php\/accueil\/sabonner-a-la-newsletter\/\" \/>\n\t\t\t<input type=\"hidden\" name=\"esfpx_status\" value=\"Unconfirmed\" \/>\n\t\t\t<input type=\"hidden\" name=\"esfpx_es-subscribe\" id=\"es-subscribe-69f42145edd77\" value=\"eeabed3341\" \/>\n\t\t\t<label style=\"position:absolute;top:-99999px;left:-99999px;z-index:-99;\" aria-hidden=\"true\"><span hidden>Please leave this field empty.<\/span><input type=\"email\" name=\"esfpx_es_hp_email\" class=\"es_required_field\" tabindex=\"-1\" autocomplete=\"-1\" value=\"\" \/><\/label><style>form.es_subscription_form[data-form-id=\"1\"] * { box-sizing: border-box; } body {margin: 0;}#izmd{padding-right:15px;padding-left:15px;}#esfpx_email_819f1a285c442{text-decoration:none;}#i7l94{text-align:center;}#igw18{margin:10px 10px 10px 10px;}form[data-form-id=\"1\"] .es-form-field-container .gjs-row{display:flex;justify-content:flex-start;align-items:stretch;flex-wrap:nowrap;}form[data-form-id=\"1\"] .es-form-field-container .gjs-cell{flex-grow:1;flex-basis:100%;}form[data-form-id=\"1\"] .es-form-field-container .gjs-cell[data-highlightable=\"1\"]:empty{border-top-width:1px;border-right-width:1px;border-bottom-width:1px;border-left-width:1px;border-top-style:dashed;border-right-style:dashed;border-bottom-style:dashed;border-left-style:dashed;border-top-color:rgb(204, 204, 204);border-right-color:rgb(204, 204, 204);border-bottom-color:rgb(204, 204, 204);border-left-color:rgb(204, 204, 204);border-image-source:initial;border-image-slice:initial;border-image-width:initial;border-image-outset:initial;border-image-repeat:initial;height:30px;}form[data-form-id=\"1\"] .es-form-field-container .gjs-row .gjs-cell input[type=\"checkbox\"], form[data-form-id=\"1\"] .es-form-field-container .gjs-row .gjs-cell input[type=\"radio\"]{margin-top:0px;margin-right:5px;margin-bottom:0px;margin-left:0px;width:auto;}form[data-form-id=\"1\"] .es-form-field-container .gjs-row{margin-bottom:0.6em;}form[data-form-id=\"1\"] .es-form-field-container label.es-field-label{display:block;}@media only screen and (max-width: 576px){.gjs-row{display:flex;flex-direction:column;}.gjs-cell img{width:100%;height:auto;}}@media (max-width: 320px){form[data-form-id=\"1\"] .es-form-field-container{padding-top:1rem;padding-right:1rem;padding-bottom:1rem;padding-left:1rem;}}<\/style><div id=\"izmd\" class=\"es-form-field-container\"><div class=\"gjs-row\"><div class=\"gjs-cell\"><label for=\"esfpx_name_819f1a285c442\" class=\"es-field-label\">Votre nom<\/label><input type=\"text\" name=\"esfpx_name\" autocomplete=\"name\" placeholder=\"Saisir votre nom et pr\u00e9nom\" id=\"esfpx_name_819f1a285c442\" required class=\"es-name\" \/><\/div><\/div><div class=\"gjs-row\"><div class=\"gjs-cell\"><label for=\"esfpx_email_819f1a285c442\" class=\"es-field-label\">Votre mail<\/label><input type=\"email\" required name=\"esfpx_email\" autocomplete=\"email\" placeholder=\"Renseigner votre courriel\" id=\"esfpx_email_819f1a285c442\" class=\"es-email\" \/><\/div><\/div><div class=\"gjs-row\"><div id=\"i7l94\" class=\"gjs-cell\"><input type=\"submit\" name=\"submit\" value=\"S'abonner\" required id=\"igw18\" \/><\/div><\/div><\/div><span class=\"es_spinner_image\" id=\"spinner-image\"><img decoding=\"async\" src=\"https:\/\/www.sivosgarlin.fr\/wp-content\/plugins\/email-subscribers\/lite\/public\/images\/spinner.gif\" alt=\"Loading\" \/><\/span><\/form><span class=\"es_subscription_message \" id=\"es_subscription_message_69f42145edd77\" role=\"alert\" aria-live=\"assertive\"><\/span><\/div>[\/vc_column_text][\/vc_column][\/vc_row]<\/p>\n","protected":false},"excerpt":{"rendered":"<p>[vc_row css=\u00a0\u00bb.vc_custom_1547117194385{margin-top: 30px !important;}\u00a0\u00bb][vc_column][vc_column_text] Pour recevoir nos actualit\u00e9s, veuillez renseignez votre nom, votre adresse mail et s\u00e9lectionnez les actualit\u00e9s que vous souhaitez recevoir par mail. [\/vc_column_text][vc_column_text][\/vc_column_text][\/vc_column][\/vc_row]<\/p>\n","protected":false},"author":1,"featured_media":0,"parent":12,"menu_order":4,"comment_status":"closed","ping_status":"closed","template":"","meta":{"footnotes":""},"class_list":["post-3155","page","type-page","status-publish","hentry"],"post_mailing_queue_ids":[],"_links":{"self":[{"href":"https:\/\/www.sivosgarlin.fr\/index.php\/wp-json\/wp\/v2\/pages\/3155","targetHints":{"allow":["GET"]}}],"collection":[{"href":"https:\/\/www.sivosgarlin.fr\/index.php\/wp-json\/wp\/v2\/pages"}],"about":[{"href":"https:\/\/www.sivosgarlin.fr\/index.php\/wp-json\/wp\/v2\/types\/page"}],"author":[{"embeddable":true,"href":"https:\/\/www.sivosgarlin.fr\/index.php\/wp-json\/wp\/v2\/users\/1"}],"replies":[{"embeddable":true,"href":"https:\/\/www.sivosgarlin.fr\/index.php\/wp-json\/wp\/v2\/comments?post=3155"}],"version-history":[{"count":21,"href":"https:\/\/www.sivosgarlin.fr\/index.php\/wp-json\/wp\/v2\/pages\/3155\/revisions"}],"predecessor-version":[{"id":7332,"href":"https:\/\/www.sivosgarlin.fr\/index.php\/wp-json\/wp\/v2\/pages\/3155\/revisions\/7332"}],"up":[{"embeddable":true,"href":"https:\/\/www.sivosgarlin.fr\/index.php\/wp-json\/wp\/v2\/pages\/12"}],"wp:attachment":[{"href":"https:\/\/www.sivosgarlin.fr\/index.php\/wp-json\/wp\/v2\/media?parent=3155"}],"curies":[{"name":"wp","href":"https:\/\/api.w.org\/{rel}","templated":true}]}}