{"id":30,"date":"2018-08-20T14:36:09","date_gmt":"2018-08-20T12:36:09","guid":{"rendered":"http:\/\/151.80.74.124\/sivos-garlin\/?page_id=30"},"modified":"2019-03-11T15:19:47","modified_gmt":"2019-03-11T14:19:47","slug":"agenda","status":"publish","type":"page","link":"https:\/\/www.sivosgarlin.fr\/index.php\/accueil\/agenda\/","title":{"rendered":"Agenda"},"content":{"rendered":"<p>[vc_row css=\u00a0\u00bb.vc_custom_1552312768258{margin-top: 30px !important;margin-bottom: 30px !important;}\u00a0\u00bb el_class=\u00a0\u00bbagenda\u00a0\u00bb][vc_column]<div class=\"nicdark_masonry_container\">\r\n\r\n        <div style=\"box-sizing:border-box;\" class=\"grid grid_3 percentage nicdark_padding10 nicdark_masonry_item\">\r\n              \r\n            <!--archive1-->\r\n            <div class=\"nicdark_archive1 nicdark_bg_blue nicdark_radius nicdark_shadow\">\r\n\r\n                  <a href=\"https:\/\/www.sivosgarlin.fr\/index.php\/2022\/10\/19\/conseil-communautaire-de-jeunes\/\" class=\"nicdark_btn nicdark_bg_greydark white medium nicdark_radius nicdark_absolute_left\">24<br><small>Oct<\/small><\/a> <img decoding=\"async\" alt=\"\" src=\"https:\/\/www.sivosgarlin.fr\/wp-content\/uploads\/2022\/10\/Conseil-Communautaire-de-Jeunes-mini-1024x585.png\"> \r\n                \r\n                <div class=\"nicdark_textevidence nicdark_bg_greydark\">\r\n                    <h4 class=\"white nicdark_margin20\" style=\"height:35px;\">Conseil Communautaire de Jeunes<\/h4>\r\n                <\/div>\r\n                \r\n                <div class=\"nicdark_margin20 nicdark_event_archive\">\r\n                  \r\n                     <h5 class=\"white\"><i class=\"icon-pin-outline\"><\/i> P\u00e9pini\u00e8re d'entreprise Espelida - 64450 Miossens-Lanusse<\/h5> \r\n                     <div class=\"nicdark_space10\"><\/div><h5 class=\"white\"><i class=\"icon-clock-1\"><\/i> De14h00 \u00e0 17h00<\/h5> \r\n                     <div class=\"nicdark_space10\"><\/div><h5 class=\"white\"><i class=\"icon-calendar\"><\/i> 24 octobre 2022<\/h5> \r\n\r\n                    <div class=\"nicdark_space20\"><\/div>\r\n                    <div class=\"nicdark_divider left small\"><span class=\"nicdark_bg_white nicdark_radius\"><\/span><\/div>\r\n                    <div class=\"nicdark_space20\"><\/div>\r\n                    <p class=\"white\">[vc_row][vc_column][vc_column_text] Le Conseil Communautaire de Jeunes (de la 6\u00e8me \u00e0 la 3\u00e8me) se r\u00e9unit pour la 1\u00e8re fois durant ces vacances d\u2019Automne. Votre enfant est int\u00e9ress\u00e9 mais n\u2019est pas s\u00fbr de s\u2019y engager\u00a0? Il ne sait pas \u00e0 quoi s\u2019attendre\u00a0? Alors cette rencontre est faite pour lui\u00a0et l\u2019aidera \u00e0 d\u00e9cider s\u2019il rejoint l\u2019aventure du CCJ, ...<\/p>\r\n                    <div class=\"nicdark_space20\"><\/div><a href=\"https:\/\/www.sivosgarlin.fr\/index.php\/2022\/10\/19\/conseil-communautaire-de-jeunes\/\" class=\"white nicdark_btn nicdark_bg_bluedark medium nicdark_radius nicdark_shadow nicdark_press\">Pour plus d'informations, cliquez ici.<\/a>   \r\n                 <\/div>\r\n\r\n            <\/div>\r\n            <!--archive1-->\r\n\r\n        <\/div>\r\n\r\n      <\/div>[\/vc_column][\/vc_row]<\/p>\n","protected":false},"excerpt":{"rendered":"<p>[vc_row css=\u00a0\u00bb.vc_custom_1552312768258{margin-top: 30px !important;margin-bottom: 30px !important;}\u00a0\u00bb el_class=\u00a0\u00bbagenda\u00a0\u00bb][vc_column][\/vc_column][\/vc_row]<\/p>\n","protected":false},"author":1,"featured_media":0,"parent":12,"menu_order":2,"comment_status":"closed","ping_status":"closed","template":"","meta":{"footnotes":""},"class_list":["post-30","page","type-page","status-publish","hentry"],"post_mailing_queue_ids":[],"_links":{"self":[{"href":"https:\/\/www.sivosgarlin.fr\/index.php\/wp-json\/wp\/v2\/pages\/30","targetHints":{"allow":["GET"]}}],"collection":[{"href":"https:\/\/www.sivosgarlin.fr\/index.php\/wp-json\/wp\/v2\/pages"}],"about":[{"href":"https:\/\/www.sivosgarlin.fr\/index.php\/wp-json\/wp\/v2\/types\/page"}],"author":[{"embeddable":true,"href":"https:\/\/www.sivosgarlin.fr\/index.php\/wp-json\/wp\/v2\/users\/1"}],"replies":[{"embeddable":true,"href":"https:\/\/www.sivosgarlin.fr\/index.php\/wp-json\/wp\/v2\/comments?post=30"}],"version-history":[{"count":12,"href":"https:\/\/www.sivosgarlin.fr\/index.php\/wp-json\/wp\/v2\/pages\/30\/revisions"}],"predecessor-version":[{"id":3682,"href":"https:\/\/www.sivosgarlin.fr\/index.php\/wp-json\/wp\/v2\/pages\/30\/revisions\/3682"}],"up":[{"embeddable":true,"href":"https:\/\/www.sivosgarlin.fr\/index.php\/wp-json\/wp\/v2\/pages\/12"}],"wp:attachment":[{"href":"https:\/\/www.sivosgarlin.fr\/index.php\/wp-json\/wp\/v2\/media?parent=30"}],"curies":[{"name":"wp","href":"https:\/\/api.w.org\/{rel}","templated":true}]}}