{"id":12,"date":"2018-08-20T14:33:46","date_gmt":"2018-08-20T12:33:46","guid":{"rendered":"http:\/\/151.80.74.124\/sivos-garlin\/?page_id=12"},"modified":"2026-05-04T16:28:02","modified_gmt":"2026-05-04T14:28:02","slug":"accueil","status":"publish","type":"page","link":"https:\/\/www.sivosgarlin.fr\/","title":{"rendered":"Accueil"},"content":{"rendered":"<p>[vc_row full_width=\u00a0\u00bbstretch_row_content_no_spaces\u00a0\u00bb][vc_column css=\u00a0\u00bb.vc_custom_1534931816240{margin-top: -160px !important;}\u00a0\u00bb][rev_slider_vc alias=\u00a0\u00bbsivos-1&Prime;][\/vc_column][\/vc_row][vc_row el_id=\u00a0\u00bbquick-access-1&Prime; el_class=\u00a0\u00bbquick-access\u00a0\u00bb][vc_column css=\u00a0\u00bb.vc_custom_1544196392596{margin-top: -45px !important;}\u00a0\u00bb][vc_row_inner][vc_column_inner width=\u00a0\u00bb1\/4&Prime; css=\u00a0\u00bb.vc_custom_1534940348333{padding-right: 0px !important;padding-left: 0px !important;}\u00a0\u00bb]\r\n\r\n    <div class=\"nicdark_radius_left nicdark_textevidence nicdark_bg_yellow nicdark_shadow center\">\r\n        <div class=\"nicdark_margin30\">\r\n            <h2 class=\"white subtitle\"><a target=\"\" href=\"?p=2846\" class=\"white\">Menus cantine<\/a><\/h2>\r\n       <\/div>\r\n        <i class=\"nicdark_zoom icon-food nicdark_iconbg left extrabig yellow nicdark_displaynone_ipadland nicdark_displaynone_ipadpotr\"><\/i>\r\n    <\/div>\r\n      \r\n   [\/vc_column_inner][vc_column_inner width=\u00a0\u00bb1\/4&Prime; css=\u00a0\u00bb.vc_custom_1534940353313{padding-right: 0px !important;padding-left: 0px !important;}\u00a0\u00bb]\r\n\r\n    <div class=\" nicdark_textevidence nicdark_bg_orange nicdark_shadow center\">\r\n        <div class=\"nicdark_margin30\">\r\n            <h2 class=\"white subtitle\"><a target=\"_blank\" href=\"https:\/\/espacefamille.aiga.fr\/1356550\" class=\"white\">Espace Famille I'No\u00e9<\/a><\/h2>\r\n       <\/div>\r\n        <i class=\"nicdark_zoom icon-user-add nicdark_iconbg left extrabig orange nicdark_displaynone_ipadland nicdark_displaynone_ipadpotr\"><\/i>\r\n    <\/div>\r\n      \r\n   [\/vc_column_inner][vc_column_inner width=\u00a0\u00bb1\/4&Prime; css=\u00a0\u00bb.vc_custom_1534940382527{padding-right: 0px !important;padding-left: 0px !important;}\u00a0\u00bb]\r\n\r\n    <div class=\" nicdark_textevidence nicdark_bg_blue nicdark_shadow center\">\r\n        <div class=\"nicdark_margin30\">\r\n            <h2 class=\"white subtitle\"><a target=\"_blank\" href=\"https:\/\/www.sivosgarlin.fr\/index.php\/le-syndicat\/les-services\/contact\/\" class=\"white\">Contacter le Syndicat<\/a><\/h2>\r\n       <\/div>\r\n        <i class=\"nicdark_zoom icon-desktop-2 nicdark_iconbg left extrabig blue nicdark_displaynone_ipadland nicdark_displaynone_ipadpotr\"><\/i>\r\n    <\/div>\r\n      \r\n   [\/vc_column_inner][vc_column_inner width=\u00a0\u00bb1\/4&Prime; css=\u00a0\u00bb.vc_custom_1534940386713{padding-right: 0px !important;padding-left: 0px !important;}\u00a0\u00bb]\r\n\r\n    <div class=\"nicdark_radius_right nicdark_textevidence nicdark_bg_green nicdark_shadow center\">\r\n        <div class=\"nicdark_margin30\">\r\n            <h2 class=\"white subtitle\"><a target=\"\" href=\"?p=2849\" class=\"white\">Contact \u00e9coles<\/a><\/h2>\r\n       <\/div>\r\n        <i class=\"nicdark_zoom icon-phone nicdark_iconbg left extrabig green nicdark_displaynone_ipadland nicdark_displaynone_ipadpotr\"><\/i>\r\n    <\/div>\r\n      \r\n   [\/vc_column_inner][vc_column_inner][\/vc_column_inner][\/vc_row_inner][\/vc_column][\/vc_row][vc_row][vc_column]<h2 style=\"color:;\" class=\" subtitle left\">Les derni\u00e8res actualit\u00e9s<\/h2>[vc_empty_space height=\u00a0\u00bb15&Prime;]<div class=\"nicdark_divider  left small \"><span style=\"background-color:#edbf47;\" class=\"nicdark_radius\"><\/span><\/div>[vc_empty_space height=\u00a0\u00bb15&Prime;][\/vc_column][\/vc_row][vc_row css=\u00a0\u00bb.vc_custom_1534949015901{margin-bottom: 30px !important;}\u00a0\u00bb][vc_column]<div class=\"nicdark_masonry_container 0\">\r\n\r\n\t\t<div style=\"box-sizing:border-box;\" class=\"grid grid_3 percentage nicdark_padding10 nicdark_masonry_item  non-classe \">\r\n\t\t\t\r\n\r\n\t\t\t\t<div class=\"nicdark_archive1 nicdark_bg_orange nicdark_radius nicdark_shadow\">  \r\n\r\n\t\t\t\t\t<a href=\"https:\/\/www.sivosgarlin.fr\/index.php\/2026\/04\/30\/espace-jeunes-sejours-ete-2026\/\" class=\"nicdark_zoom nicdark_btn_icon nicdark_bg_orange nicdark_border_orangedark white medium nicdark_radius_circle nicdark_absolute_left\"><i class=\"icon-link-outline\"><\/i><\/a><div class=\"nicdark_featured_image\"><img decoding=\"async\" alt=\"\" src=\"https:\/\/www.sivosgarlin.fr\/wp-content\/uploads\/2026\/04\/Affiche-sejours-ete-officielle-725x1024.png\"><\/div>\r\n\t\t\t\t\t                    \r\n                    <div class=\"nicdark_margin20 nicdark_post_archive\">\r\n                        <h4 class=\"white\" style=\"height:35px;\">ESPACE JEUNES &#8211; SEJOURS ETE 2026<\/h4>\r\n                        <div class=\"nicdark_space20\"><\/div>\r\n                        <div class=\"nicdark_divider left small\"><span class=\"nicdark_bg_white nicdark_radius\"><\/span><\/div>\r\n                        <div class=\"nicdark_space20\"><\/div>\r\n                        <p class=\"white\">[vc_row][vc_column][vc_column_text]Bonjour \u00e0 tous Comme chaque ann\u00e9e, les 3 espaces jeunes du territoire (Arzacq-Arraziguet, Garlin et Serres-Castet) proposent aux coll\u00e9giens scolaris\u00e9s et\/ou r\u00e9sidant sur le territoire des s\u00e9jours durant les vacances estivales. Les s\u00e9jours propos\u00e9s cet \u00e9t\u00e9 : . Du 13 au 17 juillet &#8211; S\u00e9jour montagne organis\u00e9 par l\u2019Espace Jeunes Garlin \u00e0 Arrens-Marsous\u00a0(65) . Du ...<\/p>\r\n                        <div class=\"nicdark_space20\"><\/div>\r\n                        <a href=\"https:\/\/www.sivosgarlin.fr\/index.php\/2026\/04\/30\/espace-jeunes-sejours-ete-2026\/\" class=\"white nicdark_btn nicdark_bg_orangedark medium nicdark_radius nicdark_shadow nicdark_press\"><i class=\"icon-doc-text-1 \"><\/i>Lire la suite<\/a>                        \r\n                    <\/div>\r\n\r\n                    <i class=\"icon-pencil-1 nicdark_iconbg right medium orange\"><\/i>\r\n\r\n                <\/div>\r\n\r\n\t\t\t\r\n\t\t<\/div>\r\n\r\n      \r\n\r\n\t\t<div style=\"box-sizing:border-box;\" class=\"grid grid_3 percentage nicdark_padding10 nicdark_masonry_item  non-classe \">\r\n\t\t\t\r\n\r\n\t\t\t\t<div class=\"nicdark_archive1 nicdark_bg_orange nicdark_radius nicdark_shadow\">  \r\n\r\n\t\t\t\t\t<a href=\"https:\/\/www.sivosgarlin.fr\/index.php\/2026\/04\/27\/mini-gazette\/\" class=\"nicdark_zoom nicdark_btn_icon nicdark_bg_orange nicdark_border_orangedark white medium nicdark_radius_circle nicdark_absolute_left\"><i class=\"icon-link-outline\"><\/i><\/a><div class=\"nicdark_featured_image\"><img decoding=\"async\" alt=\"\" src=\"https:\/\/www.sivosgarlin.fr\/wp-content\/uploads\/2026\/04\/original-87BA46BF-7FFD-4B38-9073-6C92D7C3BC5A-1024x683.png\"><\/div>\r\n\t\t\t\t\t                    \r\n                    <div class=\"nicdark_margin20 nicdark_post_archive\">\r\n                        <h4 class=\"white\" style=\"height:35px;\">Mini gazette<\/h4>\r\n                        <div class=\"nicdark_space20\"><\/div>\r\n                        <div class=\"nicdark_divider left small\"><span class=\"nicdark_bg_white nicdark_radius\"><\/span><\/div>\r\n                        <div class=\"nicdark_space20\"><\/div>\r\n                        <p class=\"white\">[vc_row][vc_column][vc_column_text] Nous avons le plaisir de vous partager notre mini gazette des vacances de printemps. \u00c0 travers ce document, vous pourrez d\u00e9couvrir les diff\u00e9rents plannings ainsi que les animations propos\u00e9es et r\u00e9alis\u00e9es par notre \u00e9quipe d\u2019animateurs tout au long de cette p\u00e9riode. Cette gazette a pour objectif de vous donner un aper\u00e7u des activit\u00e9s mises ...<\/p>\r\n                        <div class=\"nicdark_space20\"><\/div>\r\n                        <a href=\"https:\/\/www.sivosgarlin.fr\/index.php\/2026\/04\/27\/mini-gazette\/\" class=\"white nicdark_btn nicdark_bg_orangedark medium nicdark_radius nicdark_shadow nicdark_press\"><i class=\"icon-doc-text-1 \"><\/i>Lire la suite<\/a>                        \r\n                    <\/div>\r\n\r\n                    <i class=\"icon-pencil-1 nicdark_iconbg right medium orange\"><\/i>\r\n\r\n                <\/div>\r\n\r\n\t\t\t\r\n\t\t<\/div>\r\n\r\n      \r\n\r\n\t\t<div style=\"box-sizing:border-box;\" class=\"grid grid_3 percentage nicdark_padding10 nicdark_masonry_item  non-classe \">\r\n\t\t\t\r\n\r\n\t\t\t\t<div class=\"nicdark_archive1 nicdark_bg_orange nicdark_radius nicdark_shadow\">  \r\n\r\n\t\t\t\t\t<a href=\"https:\/\/www.sivosgarlin.fr\/index.php\/2026\/04\/21\/periscolaire-espace-jeunes-avril-mai-2026\/\" class=\"nicdark_zoom nicdark_btn_icon nicdark_bg_orange nicdark_border_orangedark white medium nicdark_radius_circle nicdark_absolute_left\"><i class=\"icon-link-outline\"><\/i><\/a><div class=\"nicdark_featured_image\"><img decoding=\"async\" alt=\"\" src=\"https:\/\/www.sivosgarlin.fr\/wp-content\/uploads\/2023\/02\/RETENU-logo-EJ-2021-PROPOSITION-3-bis-1024x341.jpg\"><\/div>\r\n\t\t\t\t\t                    \r\n                    <div class=\"nicdark_margin20 nicdark_post_archive\">\r\n                        <h4 class=\"white\" style=\"height:35px;\">P\u00e9riscolaire Espace Jeunes- Avril\/ Mai 2026<\/h4>\r\n                        <div class=\"nicdark_space20\"><\/div>\r\n                        <div class=\"nicdark_divider left small\"><span class=\"nicdark_bg_white nicdark_radius\"><\/span><\/div>\r\n                        <div class=\"nicdark_space20\"><\/div>\r\n                        <p class=\"white\">[vc_row][vc_column][vc_tta_accordion][vc_tta_section title=\u00a0\u00bbProgramme d&rsquo;animation\u00a0\u00bb tab_id=\u00a0\u00bb1767967509265-6691557e-7af8&Prime;][vc_column_text]\u00c0 chaque p\u00e9riode scolaire, un programme d&rsquo;animation sera diffus\u00e9 et consultable \u00e0 l&rsquo;espace jeunes et dans le fil d&rsquo;actualit\u00e9 du site internet. Tous les soirs, les jeunes auront l&rsquo;occasion de participer \u00e0 des activit\u00e9s ludiques vari\u00e9es: jeux de soci\u00e9t\u00e9, jeux vid\u00e9o, activit\u00e9s manuelles, etc. Les mercredis seront aussi l&rsquo;occasion de proposer des ...<\/p>\r\n                        <div class=\"nicdark_space20\"><\/div>\r\n                        <a href=\"https:\/\/www.sivosgarlin.fr\/index.php\/2026\/04\/21\/periscolaire-espace-jeunes-avril-mai-2026\/\" class=\"white nicdark_btn nicdark_bg_orangedark medium nicdark_radius nicdark_shadow nicdark_press\"><i class=\"icon-doc-text-1 \"><\/i>Lire la suite<\/a>                        \r\n                    <\/div>\r\n\r\n                    <i class=\"icon-pencil-1 nicdark_iconbg right medium orange\"><\/i>\r\n\r\n                <\/div>\r\n\r\n\t\t\t\r\n\t\t<\/div>\r\n\r\n      \r\n\r\n\t\t<div style=\"box-sizing:border-box;\" class=\"grid grid_3 percentage nicdark_padding10 nicdark_masonry_item  non-classe \">\r\n\t\t\t\r\n\r\n\t\t\t\t<div class=\"nicdark_archive1 nicdark_bg_orange nicdark_radius nicdark_shadow\">  \r\n\r\n\t\t\t\t\t<a href=\"https:\/\/www.sivosgarlin.fr\/index.php\/2026\/03\/26\/espace-jeunes-printemps-2026\/\" class=\"nicdark_zoom nicdark_btn_icon nicdark_bg_orange nicdark_border_orangedark white medium nicdark_radius_circle nicdark_absolute_left\"><i class=\"icon-link-outline\"><\/i><\/a><div class=\"nicdark_featured_image\"><img decoding=\"async\" alt=\"\" src=\"https:\/\/www.sivosgarlin.fr\/wp-content\/uploads\/2026\/03\/Page-Ajeunda_page-0001-724x1024.jpg\"><\/div>\r\n\t\t\t\t\t                    \r\n                    <div class=\"nicdark_margin20 nicdark_post_archive\">\r\n                        <h4 class=\"white\" style=\"height:35px;\">ESPACE JEUNES- Printemps 2026<\/h4>\r\n                        <div class=\"nicdark_space20\"><\/div>\r\n                        <div class=\"nicdark_divider left small\"><span class=\"nicdark_bg_white nicdark_radius\"><\/span><\/div>\r\n                        <div class=\"nicdark_space20\"><\/div>\r\n                        <p class=\"white\">[vc_row][vc_column][vc_column_text]Nous vous communiquons L\u2019AJEUNDA, guide des animations jeunesse sur le territoire de la CCLB pour les vacances de printemps 2026, dans lequel vous sont pr\u00e9sent\u00e9s les programmes\u00a0: Des Espaces Jeunes (Arzacq, Garlin &amp; Serres-Castet) ouvert aux coll\u00e9giens r\u00e9sidant et\/ou scolaris\u00e9s sur le territoire de la CCLB. Des Animations Itin\u00e9rantes, nouveau dispositif ouvert aux jeunes de ...<\/p>\r\n                        <div class=\"nicdark_space20\"><\/div>\r\n                        <a href=\"https:\/\/www.sivosgarlin.fr\/index.php\/2026\/03\/26\/espace-jeunes-printemps-2026\/\" class=\"white nicdark_btn nicdark_bg_orangedark medium nicdark_radius nicdark_shadow nicdark_press\"><i class=\"icon-doc-text-1 \"><\/i>Lire la suite<\/a>                        \r\n                    <\/div>\r\n\r\n                    <i class=\"icon-pencil-1 nicdark_iconbg right medium orange\"><\/i>\r\n\r\n                <\/div>\r\n\r\n\t\t\t\r\n\t\t<\/div>\r\n\r\n      <\/div>[\/vc_column][\/vc_row][vc_row css=\u00a0\u00bb.vc_custom_1535018608428{margin-top: 30px !important;margin-bottom: 30px !important;}\u00a0\u00bb][vc_column][vc_btn title=\u00a0\u00bbVoir toutes les actualit\u00e9s\u00a0\u00bb style=\u00a0\u00bbclassic\u00a0\u00bb color=\u00a0\u00bbblue\u00a0\u00bb align=\u00a0\u00bbcenter\u00a0\u00bb i_icon_fontawesome=\u00a0\u00bbfa fa-th\u00a0\u00bb add_icon=\u00a0\u00bbtrue\u00a0\u00bb link=\u00a0\u00bburl:index.php%3Fp%3D28||\u00a0\u00bb][\/vc_column][\/vc_row][vc_row][vc_column]<h2 style=\"color:;\" class=\" subtitle left\">Le mot de la Pr\u00e9sidente<\/h2>[vc_empty_space height=\u00a0\u00bb15&Prime;]<div class=\"nicdark_divider  left small \"><span style=\"background-color:#edbf47;\" class=\"nicdark_radius\"><\/span><\/div>[vc_empty_space height=\u00a0\u00bb15&Prime;][\/vc_column][\/vc_row][vc_row css=\u00a0\u00bb.vc_custom_1534943606781{margin-top: 15px !important;margin-bottom: 30px !important;}\u00a0\u00bb][vc_column width=\u00a0\u00bb1\/4&Prime;][vc_single_image image=\u00a0\u00bb7915&Prime; img_size=\u00a0\u00bblarge\u00a0\u00bb onclick=\u00a0\u00bblink_image\u00a0\u00bb css=\u00a0\u00bb.vc_custom_1777904879149{margin-bottom: 15px !important;}\u00a0\u00bb][vc_column_text]Marie-Christine MAILLOT,<br \/>\nPr\u00e9sidente du Syndicat des Ecoles<br \/>\nDe la R\u00e9gion de GARLIN[\/vc_column_text][\/vc_column][vc_column width=\u00a0\u00bb3\/4&Prime;][vc_column_text]Bonjour,<\/p>\n<p>Avec mes coll\u00e8gues du Comit\u00e9 Syndical, je vous souhaite la bienvenue sur le site internet du Syndicat des Ecoles de la R\u00e9gion de Garlin.<\/p>\n<p>Cr\u00e9\u00e9 en septembre 2016, le SIVOS (Syndicat Intercommunal \u00e0 Vocation Scolaire) a pour fonction la gestion des sites scolaires de BOUEILH-BOUEILHO-LASQUE, DIUSSE et GARLIN soit plus de 300 \u00e9l\u00e8ves r\u00e9partis sur 5 \u00e9coles. Le SIVOS g\u00e8re \u00e9galement la restauration scolaire, les temps p\u00e9ri et extra scolaires.<\/p>\n<p>Dans un souci de faciliter l\u2019acc\u00e8s aux services, nous avons fait le choix de la mise en place d\u2019un site Internet sur lequel vous pourrez \u00e0 loisirs et en quelques clics retrouver toute l&rsquo;actualit\u00e9 du Syndicat, consulter le budget et les d\u00e9lib\u00e9rations du Comit\u00e9 Syndical et surtout a les informations dont vous avez besoin pour la scolarit\u00e9 \u00e9l\u00e9mentaire de votre enfant.<\/p>\n<p>La simplification de vos d\u00e9marches \u00e9tant \u00e9galement au c\u0153ur de notre initiative, vous pourrez d\u00e9sormais vous inscrire sur nos diff\u00e9rents services et payer vos factures en ligne.<\/p>\n<p>Enfin, n\u2019h\u00e9sitez pas \u00e0 prendre contact avec nous pour toute suggestion ou proposition d\u2019am\u00e9lioration\u00a0!<\/p>\n<p>Bonne visite.[\/vc_column_text][\/vc_column][vc_column][\/vc_column][\/vc_row][vc_row full_width=\u00a0\u00bbstretch_row_content_no_spaces\u00a0\u00bb css=\u00a0\u00bb.vc_custom_1566818700522{margin-top: 30px !important;}\u00a0\u00bb el_id=\u00a0\u00bbgmap\u00a0\u00bb][vc_column][vc_gmaps link=\u00a0\u00bb#E-8_JTNDaWZyYW1lJTIwc3JjJTNEJTIyaHR0cHMlM0ElMkYlMkZ3d3cuZ29vZ2xlLmNvbSUyRm1hcHMlMkZlbWJlZCUzRnBiJTNEJTIxMW0xOCUyMTFtMTIlMjExbTMlMjExZDExNTY0Ljc5NjkwOTQ1NTk2MyUyMTJkLTAuMjgwNTIzNzMwMjI0NjA5MzYlMjEzZDQzLjU2MDczMTYwMDAwMDAyJTIxMm0zJTIxMWYwJTIxMmYwJTIxM2YwJTIxM20yJTIxMWkxMDI0JTIxMmk3NjglMjE0ZjEzLjElMjEzbTMlMjExbTIlMjExczB4ZDU2MTNmYWEzNDM0YTdiJTI1M0EweGYzMWRmNzM2ZGQ3NWVmZTglMjEyc1N5bmRpY2F0JTJCSW50ZXJjb21tdW5hbCUyQiUyNUMzJTI1QTAlMkJWb2NhdGlvbiUyQlNjb2xhaXJlJTJCZGUlMkJsYSUyQnIlMjVDMyUyNUE5Z2lvbiUyQmRlJTJCR0FSTElOJTIxNWUwJTIxM20yJTIxMXNmciUyMTJzZnIlMjE0djE1NDcxMjg2NjUzMjYlMjIlMjB3aWR0aCUzRCUyMjYwMCUyMiUyMGhlaWdodCUzRCUyMjQ1MCUyMiUyMGZyYW1lYm9yZGVyJTNEJTIyMCUyMiUyMHN0eWxlJTNEJTIyYm9yZGVyJTNBMCUyMiUyMGFsbG93ZnVsbHNjcmVlbiUzRSUzQyUyRmlmcmFtZSUzRQ==\u00a0\u00bb size=\u00a0\u00bb400&Prime;][\/vc_column][\/vc_row]<\/p>\n","protected":false},"excerpt":{"rendered":"<p>[vc_row full_width=\u00a0\u00bbstretch_row_content_no_spaces\u00a0\u00bb][vc_column css=\u00a0\u00bb.vc_custom_1534931816240{margin-top: -160px !important;}\u00a0\u00bb][rev_slider_vc alias=\u00a0\u00bbsivos-1&Prime;][\/vc_column][\/vc_row][vc_row el_id=\u00a0\u00bbquick-access-1&Prime; el_class=\u00a0\u00bbquick-access\u00a0\u00bb][vc_column css=\u00a0\u00bb.vc_custom_1544196392596{margin-top: -45px !important;}\u00a0\u00bb][vc_row_inner][vc_column_inner width=\u00a0\u00bb1\/4&Prime; css=\u00a0\u00bb.vc_custom_1534940348333{padding-right: 0px !important;padding-left: 0px !important;}\u00a0\u00bb][\/vc_column_inner][vc_column_inner width=\u00a0\u00bb1\/4&Prime; css=\u00a0\u00bb.vc_custom_1534940353313{padding-right: 0px !important;padding-left: 0px !important;}\u00a0\u00bb][\/vc_column_inner][vc_column_inner width=\u00a0\u00bb1\/4&Prime; css=\u00a0\u00bb.vc_custom_1534940382527{padding-right: 0px !important;padding-left: 0px !important;}\u00a0\u00bb][\/vc_column_inner][vc_column_inner width=\u00a0\u00bb1\/4&Prime; css=\u00a0\u00bb.vc_custom_1534940386713{padding-right: 0px !important;padding-left: 0px !important;}\u00a0\u00bb][\/vc_column_inner][vc_column_inner][\/vc_column_inner][\/vc_row_inner][\/vc_column][\/vc_row][vc_row][vc_column][vc_empty_space height=\u00a0\u00bb15&Prime;][vc_empty_space height=\u00a0\u00bb15&Prime;][\/vc_column][\/vc_row][vc_row css=\u00a0\u00bb.vc_custom_1534949015901{margin-bottom: 30px !important;}\u00a0\u00bb][vc_column][\/vc_column][\/vc_row][vc_row css=\u00a0\u00bb.vc_custom_1535018608428{margin-top: 30px !important;margin-bottom: 30px !important;}\u00a0\u00bb][vc_column][vc_btn title=\u00a0\u00bbVoir toutes les actualit\u00e9s\u00a0\u00bb style=\u00a0\u00bbclassic\u00a0\u00bb color=\u00a0\u00bbblue\u00a0\u00bb align=\u00a0\u00bbcenter\u00a0\u00bb i_icon_fontawesome=\u00a0\u00bbfa fa-th\u00a0\u00bb add_icon=\u00a0\u00bbtrue\u00a0\u00bb &#8230;<\/p>\n","protected":false},"author":1,"featured_media":0,"parent":0,"menu_order":1,"comment_status":"closed","ping_status":"closed","template":"","meta":{"footnotes":""},"class_list":["post-12","page","type-page","status-publish","hentry"],"post_mailing_queue_ids":[],"_links":{"self":[{"href":"https:\/\/www.sivosgarlin.fr\/index.php\/wp-json\/wp\/v2\/pages\/12","targetHints":{"allow":["GET"]}}],"collection":[{"href":"https:\/\/www.sivosgarlin.fr\/index.php\/wp-json\/wp\/v2\/pages"}],"about":[{"href":"https:\/\/www.sivosgarlin.fr\/index.php\/wp-json\/wp\/v2\/types\/page"}],"author":[{"embeddable":true,"href":"https:\/\/www.sivosgarlin.fr\/index.php\/wp-json\/wp\/v2\/users\/1"}],"replies":[{"embeddable":true,"href":"https:\/\/www.sivosgarlin.fr\/index.php\/wp-json\/wp\/v2\/comments?post=12"}],"version-history":[{"count":84,"href":"https:\/\/www.sivosgarlin.fr\/index.php\/wp-json\/wp\/v2\/pages\/12\/revisions"}],"predecessor-version":[{"id":7916,"href":"https:\/\/www.sivosgarlin.fr\/index.php\/wp-json\/wp\/v2\/pages\/12\/revisions\/7916"}],"wp:attachment":[{"href":"https:\/\/www.sivosgarlin.fr\/index.php\/wp-json\/wp\/v2\/media?parent=12"}],"curies":[{"name":"wp","href":"https:\/\/api.w.org\/{rel}","templated":true}]}}